{"id":3755,"date":"2025-12-06T12:03:32","date_gmt":"2025-12-06T12:03:32","guid":{"rendered":"https:\/\/peppollink.com\/?page_id=3755"},"modified":"2026-02-03T11:04:58","modified_gmt":"2026-02-03T11:04:58","slug":"politique-de-confidentialite-peppollink","status":"publish","type":"page","link":"https:\/\/peppollink.com\/nl\/politique-de-confidentialite-peppollink\/","title":{"rendered":"Privacy beleid \u2013 PeppolLink"},"content":{"rendered":"<div data-elementor-type=\"wp-page\" data-elementor-id=\"3755\" class=\"elementor elementor-3755\" data-elementor-post-type=\"page\">\n\t\t\t\t<div class=\"elementor-element elementor-element-e59d7c4 e-flex e-con-boxed e-con e-parent\" data-id=\"e59d7c4\" data-element_type=\"container\">\n\t\t\t\t\t<div class=\"e-con-inner\">\n\t\t\t\t<div class=\"elementor-element elementor-element-9ad5951 elementor-widget elementor-widget-text-editor\" data-id=\"9ad5951\" data-element_type=\"widget\" data-widget_type=\"text-editor.default\">\n\t\t\t\t\t\t\t\t\t<h1>Privacy beleid \u2013 PeppolLink<\/h1><p><strong>Laatst bijgewerkt :<\/strong> 04\/06\/2025<\/p><h2>1. Verantwoordelijk voor de behandeling<\/h2><p><a href=\"mailto:contact@peppollink.com\">contact@peppollink.com<\/a><\/p><h2>2. Verzamelde gegevens<\/h2><p>Identificatie gegevens, zakelijke informatie, facturering van informatie, technische gegevens en navigatie gegevens.<\/p><h2>3. Doel<\/h2><p>Account management, service afhandeling, facturatie, de veiligheid en de naleving van de wettelijke verplichtingen.<\/p><h2>4. Wettelijke basis<\/h2><p>Overeenkomst, de wettelijke verplichting, rechtmatig belang, toestemming.<\/p><h2>5. Ontvangers<\/h2><p>\u00c9quipe PeppolLink, prestataires, partenaires, autorit\u00e9s.<\/p><h2>6. De duur van het behoud<\/h2><p>Account-informatie : - duur van de account actief + 3 jaar<br \/>Facturering : 7 jaar<br \/>Logboeken technieken : 12 maanden<\/p><h2>7. Uw rechten<\/h2><p>Toegang, rectificatie, de uitwissing, de oppositie en de draagbaarheid.<\/p><h2>8. Veiligheid<\/h2><p>Implementatie van technische en organisatorische maatregelen ter beveiliging van de gegevens.<\/p><h2>9. Cookies<\/h2><p>Zie de <a href=\"\/nl\/politique-cookies\/\">Cookie beleid<\/a>.<\/p><h2>10. Overdrachten buiten de EU<\/h2><p>Gemaakt alleen met de nodige waarborgen.<\/p><h2>11. Wijzigingen<\/h2><p>Dit beleid kan op elk moment worden bijgewerkt.<\/p>\t\t\t\t\t\t\t\t<\/div>\n\t\t\t\t\t<\/div>\n\t\t\t\t<\/div>\n\t\t\t\t<\/div>","protected":false},"excerpt":{"rendered":"<p>Politique de confidentialit\u00e9 \u2013 PeppolLink Derni\u00e8re mise \u00e0 jour : 04\/06\/2025 1. Responsable du traitement contact@peppollink.com 2. Donn\u00e9es collect\u00e9es Donn\u00e9es [&hellip;]<\/p>","protected":false},"author":5,"featured_media":0,"parent":0,"menu_order":0,"comment_status":"closed","ping_status":"closed","template":"","meta":{"site-sidebar-layout":"no-sidebar","site-content-layout":"","ast-site-content-layout":"full-width-container","site-content-style":"default","site-sidebar-style":"default","ast-global-header-display":"","ast-banner-title-visibility":"","ast-main-header-display":"","ast-hfb-above-header-display":"","ast-hfb-below-header-display":"","ast-hfb-mobile-header-display":"","site-post-title":"disabled","ast-breadcrumbs-content":"","ast-featured-img":"disabled","footer-sml-layout":"","theme-transparent-header-meta":"","adv-header-id-meta":"","stick-header-meta":"","header-above-stick-meta":"","header-main-stick-meta":"","header-below-stick-meta":"","astra-migrate-meta-layouts":"default","ast-page-background-enabled":"default","ast-page-background-meta":{"desktop":{"background-color":"var(--ast-global-color-5)","background-image":"","background-repeat":"repeat","background-position":"center center","background-size":"auto","background-attachment":"scroll","background-type":"","background-media":"","overlay-type":"","overlay-color":"","overlay-opacity":"","overlay-gradient":""},"tablet":{"background-color":"","background-image":"","background-repeat":"repeat","background-position":"center center","background-size":"auto","background-attachment":"scroll","background-type":"","background-media":"","overlay-type":"","overlay-color":"","overlay-opacity":"","overlay-gradient":""},"mobile":{"background-color":"","background-image":"","background-repeat":"repeat","background-position":"center center","background-size":"auto","background-attachment":"scroll","background-type":"","background-media":"","overlay-type":"","overlay-color":"","overlay-opacity":"","overlay-gradient":""}},"ast-content-background-meta":{"desktop":{"background-color":"var(--ast-global-color-4)","background-image":"","background-repeat":"repeat","background-position":"center center","background-size":"auto","background-attachment":"scroll","background-type":"","background-media":"","overlay-type":"","overlay-color":"","overlay-opacity":"","overlay-gradient":""},"tablet":{"background-color":"var(--ast-global-color-4)","background-image":"","background-repeat":"repeat","background-position":"center center","background-size":"auto","background-attachment":"scroll","background-type":"","background-media":"","overlay-type":"","overlay-color":"","overlay-opacity":"","overlay-gradient":""},"mobile":{"background-color":"var(--ast-global-color-4)","background-image":"","background-repeat":"repeat","background-position":"center center","background-size":"auto","background-attachment":"scroll","background-type":"","background-media":"","overlay-type":"","overlay-color":"","overlay-opacity":"","overlay-gradient":""}},"footnotes":""},"class_list":["post-3755","page","type-page","status-publish","hentry"],"_links":{"self":[{"href":"https:\/\/peppollink.com\/nl\/wp-json\/wp\/v2\/pages\/3755","targetHints":{"allow":["GET"]}}],"collection":[{"href":"https:\/\/peppollink.com\/nl\/wp-json\/wp\/v2\/pages"}],"about":[{"href":"https:\/\/peppollink.com\/nl\/wp-json\/wp\/v2\/types\/page"}],"author":[{"embeddable":true,"href":"https:\/\/peppollink.com\/nl\/wp-json\/wp\/v2\/users\/5"}],"replies":[{"embeddable":true,"href":"https:\/\/peppollink.com\/nl\/wp-json\/wp\/v2\/comments?post=3755"}],"version-history":[{"count":7,"href":"https:\/\/peppollink.com\/nl\/wp-json\/wp\/v2\/pages\/3755\/revisions"}],"predecessor-version":[{"id":4408,"href":"https:\/\/peppollink.com\/nl\/wp-json\/wp\/v2\/pages\/3755\/revisions\/4408"}],"wp:attachment":[{"href":"https:\/\/peppollink.com\/nl\/wp-json\/wp\/v2\/media?parent=3755"}],"curies":[{"name":"wp","href":"https:\/\/api.w.org\/{rel}","templated":true}]}}