{"id":3741,"date":"2025-12-06T11:56:36","date_gmt":"2025-12-06T11:56:36","guid":{"rendered":"https:\/\/peppollink.com\/?page_id=3741"},"modified":"2026-03-05T08:53:00","modified_gmt":"2026-03-05T08:53:00","slug":"conditions-generales","status":"publish","type":"page","link":"https:\/\/peppollink.com\/nl\/conditions-generales\/","title":{"rendered":"Conditions g\u00e9n\u00e9rales"},"content":{"rendered":"<div data-elementor-type=\"wp-page\" data-elementor-id=\"3741\" class=\"elementor elementor-3741\" data-elementor-post-type=\"page\">\n\t\t\t\t<div class=\"elementor-element elementor-element-c69246a e-flex e-con-boxed e-con e-parent\" data-id=\"c69246a\" data-element_type=\"container\">\n\t\t\t\t\t<div class=\"e-con-inner\">\n\t\t\t\t<div class=\"elementor-element elementor-element-a1acb36 elementor-widget elementor-widget-text-editor\" data-id=\"a1acb36\" data-element_type=\"widget\" data-widget_type=\"text-editor.default\">\n\t\t\t\t\t\t\t\t\t<h1>Algemene Voorwaarden \u2013 PeppolLink<\/h1>\n<p><strong>Laatst bijgewerkt :<\/strong> 04\/06\/2025<\/p>\n<h2>1. Service overzicht<\/h2>\n<p>De site <a href=\"https:\/\/peppollink.com\/nl\/\">www.peppollink.com<\/a> beheerd door<br><strong>Peppollink<\/strong>, situ\u00e9e Avenue des Gerfauts 10\/34, 1170 Watermael-Boitsfort (Belgique),<br>BCE 1022.158.878. PeppolLink propose une plateforme en ligne destin\u00e9e \u00e0 fournir ses services sp\u00e9cifiques.<\/p>\n<h2>2. Aanvaarding van de voorwaarden<\/h2>\n<p>Het gebruik van de website PeppolLink impliceert de volledige aanvaarding van deze algemene Voorwaarden.<\/p>\n<h2>3. De toegang tot de dienst<\/h2>\n<p>De dienst is toegankelijk via een user account of rechtstreeks op de zaak.<\/p>\n<h2>4. De werking van de dienst<\/h2>\n<p>Het platform biedt u de mogelijkheid om toegang te krijgen tot de aangeboden diensten en gebruik te maken van de functies die beschikbaar zijn.<\/p>\n<h2>5. Tarieven en betalingen<\/h2>\n<p>Tarieven verstrekt worden op het moment van de registratie of op de site.<\/p>\n<h2>6. Verantwoordelijkheden<\/h2>\n<p>PeppolLink spant zich in om een dienst te verlenen die in overeenstemming is, maar het is niet een vervanging voor professioneel advies.<\/p>\n<h2>7. Intellectuele eigendom<\/h2>\n<p>Le contenu du site est la propri\u00e9t\u00e9 de Peppollink.<\/p>\n<h2>8. Persoonlijke gegevens<\/h2>\n<p>De verwerking van de persoonlijke gegevens wordt in overeenstemming met de RGPD.<\/p>\n<h2>9. Duur, Opschorting En Be\u00ebindiging<\/h2>\n<p>De toegang kan worden be\u00ebindigd in geval van niet-naleving van deze voorwaarden.<\/p>\n<h2>10. Toepasselijk recht en bevoegde rechter<\/h2>\n<p>Les pr\u00e9sentes conditions sont soumises au droit belge. Tout litige relatif \u00e0 leur interpr\u00e9tation ou \u00e0 leur<br>ex\u00e9cution rel\u00e8ve de la comp\u00e9tence des tribunaux de Bruxelles.<\/p>\n<h2>Contact<\/h2>\n<p>Voor eventuele vragen kunt u contact opnemen met PeppolLink naar het volgende adres :<br><a href=\"mailto:contact@peppollink.com\">contact@peppollink.com<\/a>.<\/p>\t\t\t\t\t\t\t\t<\/div>\n\t\t\t\t\t<\/div>\n\t\t\t\t<\/div>\n\t\t\t\t<\/div>","protected":false},"excerpt":{"rendered":"<p>Conditions g\u00e9n\u00e9rales \u2013 PeppolLink Derni\u00e8re mise \u00e0 jour : 04\/06\/2025 1. Pr\u00e9sentation du service Le site www.peppollink.com est exploit\u00e9 parPeppollink, [&hellip;]<\/p>","protected":false},"author":5,"featured_media":0,"parent":0,"menu_order":0,"comment_status":"closed","ping_status":"closed","template":"","meta":{"site-sidebar-layout":"no-sidebar","site-content-layout":"","ast-site-content-layout":"full-width-container","site-content-style":"default","site-sidebar-style":"default","ast-global-header-display":"","ast-banner-title-visibility":"","ast-main-header-display":"","ast-hfb-above-header-display":"","ast-hfb-below-header-display":"","ast-hfb-mobile-header-display":"","site-post-title":"disabled","ast-breadcrumbs-content":"","ast-featured-img":"disabled","footer-sml-layout":"","theme-transparent-header-meta":"default","adv-header-id-meta":"","stick-header-meta":"","header-above-stick-meta":"","header-main-stick-meta":"","header-below-stick-meta":"","astra-migrate-meta-layouts":"set","ast-page-background-enabled":"default","ast-page-background-meta":{"desktop":{"background-color":"var(--ast-global-color-5)","background-image":"","background-repeat":"repeat","background-position":"center center","background-size":"auto","background-attachment":"scroll","background-type":"","background-media":"","overlay-type":"","overlay-color":"","overlay-opacity":"","overlay-gradient":""},"tablet":{"background-color":"","background-image":"","background-repeat":"repeat","background-position":"center center","background-size":"auto","background-attachment":"scroll","background-type":"","background-media":"","overlay-type":"","overlay-color":"","overlay-opacity":"","overlay-gradient":""},"mobile":{"background-color":"","background-image":"","background-repeat":"repeat","background-position":"center center","background-size":"auto","background-attachment":"scroll","background-type":"","background-media":"","overlay-type":"","overlay-color":"","overlay-opacity":"","overlay-gradient":""}},"ast-content-background-meta":{"desktop":{"background-color":"var(--ast-global-color-4)","background-image":"","background-repeat":"repeat","background-position":"center center","background-size":"auto","background-attachment":"scroll","background-type":"","background-media":"","overlay-type":"","overlay-color":"","overlay-opacity":"","overlay-gradient":""},"tablet":{"background-color":"var(--ast-global-color-4)","background-image":"","background-repeat":"repeat","background-position":"center center","background-size":"auto","background-attachment":"scroll","background-type":"","background-media":"","overlay-type":"","overlay-color":"","overlay-opacity":"","overlay-gradient":""},"mobile":{"background-color":"var(--ast-global-color-4)","background-image":"","background-repeat":"repeat","background-position":"center center","background-size":"auto","background-attachment":"scroll","background-type":"","background-media":"","overlay-type":"","overlay-color":"","overlay-opacity":"","overlay-gradient":""}},"footnotes":""},"class_list":["post-3741","page","type-page","status-publish","hentry"],"_links":{"self":[{"href":"https:\/\/peppollink.com\/nl\/wp-json\/wp\/v2\/pages\/3741","targetHints":{"allow":["GET"]}}],"collection":[{"href":"https:\/\/peppollink.com\/nl\/wp-json\/wp\/v2\/pages"}],"about":[{"href":"https:\/\/peppollink.com\/nl\/wp-json\/wp\/v2\/types\/page"}],"author":[{"embeddable":true,"href":"https:\/\/peppollink.com\/nl\/wp-json\/wp\/v2\/users\/5"}],"replies":[{"embeddable":true,"href":"https:\/\/peppollink.com\/nl\/wp-json\/wp\/v2\/comments?post=3741"}],"version-history":[{"count":10,"href":"https:\/\/peppollink.com\/nl\/wp-json\/wp\/v2\/pages\/3741\/revisions"}],"predecessor-version":[{"id":4415,"href":"https:\/\/peppollink.com\/nl\/wp-json\/wp\/v2\/pages\/3741\/revisions\/4415"}],"wp:attachment":[{"href":"https:\/\/peppollink.com\/nl\/wp-json\/wp\/v2\/media?parent=3741"}],"curies":[{"name":"wp","href":"https:\/\/api.w.org\/{rel}","templated":true}]}}